{"id":1896,"date":"2020-09-10T19:33:17","date_gmt":"2020-09-10T17:33:17","guid":{"rendered":"https:\/\/lacampanahotelboutique.com\/?page_id=1896"},"modified":"2023-09-18T22:30:48","modified_gmt":"2023-09-18T20:30:48","slug":"contact-us-2","status":"publish","type":"page","link":"https:\/\/lacampanahotelboutique.com\/en\/contact-us-2\/","title":{"rendered":"Contact us"},"content":{"rendered":"\t\t<div data-elementor-type=\"wp-page\" data-elementor-id=\"1896\" class=\"elementor elementor-1896\" data-elementor-post-type=\"page\">\n\t\t\t\t<div class=\"elementor-element elementor-element-5e3a8d0b e-con-full e-flex e-con e-parent\" data-id=\"5e3a8d0b\" data-element_type=\"container\">\n\t\t\t\t<div class=\"elementor-element elementor-element-1621bb39 elementor-widget elementor-widget-text-editor\" data-id=\"1621bb39\" data-element_type=\"widget\" data-widget_type=\"text-editor.default\">\n\t\t\t\t<div class=\"elementor-widget-container\">\n\t\t\t\t\t\t\t\t\t<p><div class=\"fusion-fullwidth fullwidth-box fusion-builder-row-1 nonhundred-percent-fullwidth non-hundred-percent-height-scrolling\" style=\"--awb-border-radius-top-left:0px;--awb-border-radius-top-right:0px;--awb-border-radius-bottom-right:0px;--awb-border-radius-bottom-left:0px;--awb-padding-top:0px;--awb-padding-right:0px;--awb-padding-bottom:0px;--awb-padding-left:0px;--awb-margin-top:0px;--awb-margin-bottom:0px;\" ><div class=\"fusion-builder-row fusion-row\"><div class=\"fusion-layout-column fusion_builder_column fusion-builder-column-0 fusion_builder_column_1_1 1_1 fusion-one-full fusion-column-first fusion-column-last\" style=\"--awb-padding-top:0px;--awb-padding-right:0px;--awb-padding-bottom:0px;--awb-padding-left:0px;--awb-bg-size:cover;--awb-margin-bottom:0px;\"><div class=\"fusion-column-wrapper fusion-column-has-shadow fusion-flex-column-wrapper-legacy\"><div class=\"fusion-clearfix\"><\/div><\/div><\/div><\/div><\/div><div class=\"fusion-fullwidth fullwidth-box fusion-builder-row-2 hundred-percent-fullwidth non-hundred-percent-height-scrolling\" style=\"--awb-border-radius-top-left:0px;--awb-border-radius-top-right:0px;--awb-border-radius-bottom-right:0px;--awb-border-radius-bottom-left:0px;--awb-padding-top:0px;--awb-padding-right:0px;--awb-padding-bottom:0px;--awb-padding-left:0px;--awb-margin-top:0px;--awb-margin-bottom:0px;--awb-background-color:#a5a728;\" ><div class=\"fusion-builder-row fusion-row\"><div class=\"fusion-layout-column fusion_builder_column fusion-builder-column-1 fusion_builder_column_1_1 1_1 fusion-one-full fusion-column-first fusion-column-last\" style=\"--awb-padding-top:0px;--awb-padding-right:0px;--awb-padding-bottom:0px;--awb-padding-left:0px;--awb-bg-size:cover;--awb-margin-bottom:0px;\"><div class=\"fusion-column-wrapper fusion-column-has-shadow fusion-flex-column-wrapper-legacy\"><div class=\"fusion-text fusion-text-1\"><h1 class=\"titulo-home\" style=\"text-align: center; padding-left: 30px; padding-right: 30px;\"><span style=\"color: #ffffff;\">Do you have any question? Write us and enjoy of the best stay<\/span><\/h1>\n<\/div><div class=\"fusion-clearfix\"><\/div><\/div><\/div><\/div><\/div><div class=\"fusion-bg-parallax\" data-bg-align=\"center center\" data-direction=\"up\" data-mute=\"false\" data-opacity=\"100\" data-velocity=\"-0.3\" data-mobile-enabled=\"false\" data-break_parents=\"0\" data-bg-image=\"http:\/\/lacampanahotelboutique.com\/wp-content\/uploads\/2019\/11\/la-campana-background-verde-hojas.jpg\" data-bg-repeat=\"false\" ><\/div><div class=\"fusion-fullwidth fullwidth-box fusion-builder-row-3 fusion-parallax-up seccion-reser hundred-percent-fullwidth non-hundred-percent-height-scrolling\" style=\"--awb-border-radius-top-left:0px;--awb-border-radius-top-right:0px;--awb-border-radius-bottom-right:0px;--awb-border-radius-bottom-left:0px;--awb-padding-top:0px;--awb-padding-right:0px;--awb-padding-bottom:0px;--awb-padding-left:0px;--awb-margin-top:0px;--awb-margin-bottom:0px;--awb-background-image:url(&quot;http:\/\/lacampanahotelboutique.com\/wp-content\/uploads\/2019\/11\/la-campana-background-verde-hojas.jpg&quot;);--awb-background-size:cover;\" ><div class=\"fusion-builder-row fusion-row\"><div class=\"fusion-layout-column fusion_builder_column fusion-builder-column-2 fusion_builder_column_1_5 1_5 fusion-one-fifth fusion-column-first\" style=\"--awb-padding-top:80px;--awb-padding-bottom:80px;--awb-bg-size:cover;--awb-margin-bottom:0px;width:20%;width:calc(20% - ( ( 4% + 4% ) * 0.2 ) );margin-right: 4%;\"><div class=\"fusion-column-wrapper fusion-column-has-shadow fusion-flex-column-wrapper-legacy\"><div class=\"fusion-clearfix\"><\/div><\/div><\/div><div class=\"fusion-layout-column fusion_builder_column fusion-builder-column-3 fusion_builder_column_3_5 3_5 fusion-three-fifth\" style=\"--awb-padding-top:80px;--awb-padding-bottom:80px;--awb-bg-size:cover;--awb-margin-bottom:0px;width:60%;width:calc(60% - ( ( 4% + 4% ) * 0.6 ) );margin-right: 4%;\"><div class=\"fusion-column-wrapper fusion-column-has-shadow fusion-flex-column-wrapper-legacy\"><div class=\"fusion-text fusion-text-2\"><h2 style=\"text-align: center;\"><span style=\"color: #ffffff;\">Communicate with us<\/span><\/h2>\n<\/div>\n<div class=\"wpcf7 no-js\" id=\"wpcf7-f1536-o1\" lang=\"es-ES\" dir=\"ltr\" data-wpcf7-id=\"1536\">\n<div class=\"screen-reader-response\"><p role=\"status\" aria-live=\"polite\" aria-atomic=\"true\"><\/p> <ul><\/ul><\/div>\n<form action=\"\/en\/wp-json\/wp\/v2\/pages\/1896#wpcf7-f1536-o1\" method=\"post\" class=\"wpcf7-form init\" aria-label=\"Formulario de contacto\" novalidate=\"novalidate\" data-status=\"init\">\n<fieldset class=\"hidden-fields-container\"><input type=\"hidden\" name=\"_wpcf7\" value=\"1536\" \/><input type=\"hidden\" name=\"_wpcf7_version\" value=\"6.1.4\" \/><input type=\"hidden\" name=\"_wpcf7_locale\" value=\"es_ES\" \/><input type=\"hidden\" name=\"_wpcf7_unit_tag\" value=\"wpcf7-f1536-o1\" \/><input type=\"hidden\" name=\"_wpcf7_container_post\" value=\"0\" \/><input type=\"hidden\" name=\"_wpcf7_posted_data_hash\" value=\"\" \/>\n<\/fieldset>\n<div class=\"form-nombre\">\n\t<p><span class=\"wpcf7-form-control-wrap\" data-name=\"nombre\"><input size=\"40\" maxlength=\"400\" class=\"wpcf7-form-control wpcf7-text wpcf7-validates-as-required\" aria-required=\"true\" aria-invalid=\"false\" placeholder=\"Name\" value=\"\" type=\"text\" name=\"nombre\" \/><\/span>\n\t<\/p>\n<\/div>\n<div class=\"form-email\">\n\t<p><span class=\"wpcf7-form-control-wrap\" data-name=\"email\"><input size=\"40\" maxlength=\"400\" class=\"wpcf7-form-control wpcf7-email wpcf7-validates-as-required wpcf7-text wpcf7-validates-as-email\" aria-required=\"true\" aria-invalid=\"false\" placeholder=\"Email\" value=\"\" type=\"email\" name=\"email\" \/><\/span>\n\t<\/p>\n<\/div>\n<div class=\"form-telefono\">\n\t<p><span class=\"wpcf7-form-control-wrap\" data-name=\"telefono\"><input size=\"40\" maxlength=\"400\" class=\"wpcf7-form-control wpcf7-tel wpcf7-validates-as-required wpcf7-text wpcf7-validates-as-tel\" aria-required=\"true\" aria-invalid=\"false\" placeholder=\"Phone number\" value=\"\" type=\"tel\" name=\"telefono\" \/><\/span>\n\t<\/p>\n<\/div>\n<div class=\"form-mensaje\">\n\t<p><span class=\"wpcf7-form-control-wrap\" data-name=\"mensaje\"><textarea cols=\"40\" rows=\"10\" maxlength=\"2000\" class=\"wpcf7-form-control wpcf7-textarea\" aria-invalid=\"false\" placeholder=\"Message\" name=\"mensaje\"><\/textarea><\/span>\n\t<\/p>\n<\/div>\n<div class=\"form-boton\">\n\t<p><input class=\"wpcf7-form-control wpcf7-submit has-spinner\" type=\"submit\" value=\"Send\" \/>\n\t<\/p>\n<\/div><input type='hidden' class='wpcf7-pum' value='{\"closepopup\":false,\"closedelay\":0,\"openpopup\":false,\"openpopup_id\":0}' \/><div class=\"fusion-alert alert custom alert-custom fusion-alert-center wpcf7-response-output fusion-alert-capitalize alert-dismissable\" style=\"--awb-border-size:1px;\" role=\"alert\"><div class=\"fusion-alert-content-wrapper\"><span class=\"fusion-alert-content\"><\/span><\/div><button type=\"button\" class=\"close toggle-alert\" data-dismiss=\"alert\" aria-label=\"Close\">&times;<\/button><\/div>\n<\/form>\n<\/div>\n<div class=\"fusion-clearfix\"><\/div><\/div><\/div><div class=\"fusion-layout-column fusion_builder_column fusion-builder-column-4 fusion_builder_column_1_5 1_5 fusion-one-fifth fusion-column-last\" style=\"--awb-padding-top:80px;--awb-padding-bottom:80px;--awb-bg-size:cover;--awb-margin-bottom:0px;width:20%;width:calc(20% - ( ( 4% + 4% ) * 0.2 ) );\"><div class=\"fusion-column-wrapper fusion-column-has-shadow fusion-flex-column-wrapper-legacy\"><div class=\"fusion-clearfix\"><\/div><\/div><\/div><\/div><\/div><div class=\"fusion-fullwidth fullwidth-box fusion-builder-row-4 hundred-percent-fullwidth non-hundred-percent-height-scrolling\" style=\"--awb-border-radius-top-left:0px;--awb-border-radius-top-right:0px;--awb-border-radius-bottom-right:0px;--awb-border-radius-bottom-left:0px;--awb-padding-top:0px;--awb-padding-right:0px;--awb-padding-bottom:0px;--awb-padding-left:0px;--awb-margin-top:0px;--awb-margin-bottom:0px;--awb-background-color:#a5a728;\" ><div class=\"fusion-builder-row fusion-row\"><div class=\"fusion-layout-column fusion_builder_column fusion-builder-column-5 fusion_builder_column_1_1 1_1 fusion-one-full fusion-column-first fusion-column-last\" style=\"--awb-bg-size:cover;--awb-margin-bottom:0px;\"><div class=\"fusion-column-wrapper fusion-column-has-shadow fusion-flex-column-wrapper-legacy\"><div class=\"fusion-text fusion-text-3\"><h2 class=\"titulo-home\" style=\"text-align: center; padding: 10px 20px 10px 20px;\"><span style=\"color: #ffffff;\">Location<\/span><\/h2>\n<\/div><div class=\"fusion-clearfix\"><\/div><\/div><\/div><\/div><\/div><div class=\"fusion-bg-parallax\" data-bg-align=\"center center\" data-direction=\"up\" data-mute=\"false\" data-opacity=\"100\" data-velocity=\"-0.3\" data-mobile-enabled=\"false\" data-break_parents=\"0\" data-bg-image=\"http:\/\/lacampanahotelboutique.com\/wp-content\/uploads\/2019\/10\/la-campana-background-blanco.jpg\" data-bg-repeat=\"false\" ><\/div><div class=\"fusion-fullwidth fullwidth-box fusion-builder-row-5 fusion-parallax-up hundred-percent-fullwidth non-hundred-percent-height-scrolling\" style=\"--awb-border-radius-top-left:0px;--awb-border-radius-top-right:0px;--awb-border-radius-bottom-right:0px;--awb-border-radius-bottom-left:0px;--awb-padding-top:30px;--awb-padding-right:30px;--awb-padding-bottom:30px;--awb-padding-left:30px;--awb-margin-top:0px;--awb-margin-bottom:0px;--awb-background-image:url(&quot;http:\/\/lacampanahotelboutique.com\/wp-content\/uploads\/2019\/10\/la-campana-background-blanco.jpg&quot;);--awb-background-size:cover;\" ><div class=\"fusion-builder-row fusion-row\"><div class=\"fusion-layout-column fusion_builder_column fusion-builder-column-6 fusion_builder_column_1_1 1_1 fusion-one-full fusion-column-first fusion-column-last\" style=\"--awb-padding-top:0px;--awb-padding-right:0px;--awb-padding-bottom:0px;--awb-padding-left:0px;--awb-bg-size:cover;--awb-margin-bottom:0px;\"><div class=\"fusion-column-wrapper fusion-column-has-shadow fusion-flex-column-wrapper-legacy\"><iframe src=\"https:\/\/www.google.com\/maps\/embed?pb=!1m18!1m12!1m3!1d1026.5670295315692!2d-75.56325658620288!3d6.211772535966266!2m3!1f0!2f0!3f0!3m2!1i1024!2i768!4f13.1!3m3!1m2!1s0x8e442828b0ed6dd7%3A0xce64dbc9a8e8e227!2sLa%20Campana%20Hotel%20Boutique!5e0!3m2!1ses!2sco!4v1575663643449!5m2!1ses!2sco\" width=\"100%\" height=\"400\" frameborder=\"0\" style=\"border:0;\" allowfullscreen=\"\"><\/iframe><div class=\"fusion-clearfix\"><\/div><\/div><\/div><\/div><\/div><\/p>\t\t\t\t\t\t\t\t<\/div>\n\t\t\t\t<\/div>\n\t\t\t\t<\/div>\n\t\t\t\t<\/div>\n\t\t","protected":false},"excerpt":{"rendered":"","protected":false},"author":1,"featured_media":0,"parent":0,"menu_order":0,"comment_status":"closed","ping_status":"closed","template":"100-width.php","meta":{"footnotes":""},"class_list":["post-1896","page","type-page","status-publish","hentry"],"yoast_head":"<!-- This site is optimized with the Yoast SEO plugin v26.9 - https:\/\/yoast.com\/product\/yoast-seo-wordpress\/ -->\n<title>Contact us | Disfruta la mejor estad\u00eda | La campana hotel boutique<\/title>\n<meta name=\"description\" content=\"Disfruta de la mejor estad\u00eda y las mejores comodidades que te ofrece la campana hotel boutique. Cont\u00e1ctanos para mayor informaci\u00f3n al (+57) 312 893 25 01\" \/>\n<meta name=\"robots\" content=\"index, follow, max-snippet:-1, max-image-preview:large, max-video-preview:-1\" \/>\n<link rel=\"canonical\" href=\"https:\/\/lacampanahotelboutique.com\/en\/contact-us-2\/\" \/>\n<meta property=\"og:locale\" content=\"en_US\" \/>\n<meta property=\"og:type\" content=\"article\" \/>\n<meta property=\"og:title\" content=\"Contact us | Disfruta la mejor estad\u00eda | La campana hotel boutique\" \/>\n<meta property=\"og:description\" content=\"Disfruta de la mejor estad\u00eda y las mejores comodidades que te ofrece la campana hotel boutique. Cont\u00e1ctanos para mayor informaci\u00f3n al (+57) 312 893 25 01\" \/>\n<meta property=\"og:url\" content=\"https:\/\/lacampanahotelboutique.com\/en\/contact-us-2\/\" \/>\n<meta property=\"og:site_name\" content=\"La campana hotel boutique\" \/>\n<meta property=\"article:modified_time\" content=\"2023-09-18T20:30:48+00:00\" \/>\n<meta name=\"twitter:card\" content=\"summary_large_image\" \/>\n<meta name=\"twitter:label1\" content=\"Est. reading time\" \/>\n\t<meta name=\"twitter:data1\" content=\"1 minute\" \/>\n<script type=\"application\/ld+json\" class=\"yoast-schema-graph\">{\"@context\":\"https:\/\/schema.org\",\"@graph\":[{\"@type\":\"WebPage\",\"@id\":\"https:\/\/lacampanahotelboutique.com\/en\/contact-us-2\/\",\"url\":\"https:\/\/lacampanahotelboutique.com\/en\/contact-us-2\/\",\"name\":\"Contact us | Disfruta la mejor estad\u00eda | La campana hotel boutique\",\"isPartOf\":{\"@id\":\"https:\/\/lacampanahotelboutique.com\/#website\"},\"datePublished\":\"2020-09-10T17:33:17+00:00\",\"dateModified\":\"2023-09-18T20:30:48+00:00\",\"description\":\"Disfruta de la mejor estad\u00eda y las mejores comodidades que te ofrece la campana hotel boutique. Cont\u00e1ctanos para mayor informaci\u00f3n al (+57) 312 893 25 01\",\"breadcrumb\":{\"@id\":\"https:\/\/lacampanahotelboutique.com\/en\/contact-us-2\/#breadcrumb\"},\"inLanguage\":\"en-US\",\"potentialAction\":[{\"@type\":\"ReadAction\",\"target\":[\"https:\/\/lacampanahotelboutique.com\/en\/contact-us-2\/\"]}]},{\"@type\":\"BreadcrumbList\",\"@id\":\"https:\/\/lacampanahotelboutique.com\/en\/contact-us-2\/#breadcrumb\",\"itemListElement\":[{\"@type\":\"ListItem\",\"position\":1,\"name\":\"Portada\",\"item\":\"https:\/\/lacampanahotelboutique.com\/\"},{\"@type\":\"ListItem\",\"position\":2,\"name\":\"Contact us\"}]},{\"@type\":\"WebSite\",\"@id\":\"https:\/\/lacampanahotelboutique.com\/#website\",\"url\":\"https:\/\/lacampanahotelboutique.com\/\",\"name\":\"La campana hotel boutique\",\"description\":\"El lugar donde deseas estar y regresar\",\"potentialAction\":[{\"@type\":\"SearchAction\",\"target\":{\"@type\":\"EntryPoint\",\"urlTemplate\":\"https:\/\/lacampanahotelboutique.com\/?s={search_term_string}\"},\"query-input\":{\"@type\":\"PropertyValueSpecification\",\"valueRequired\":true,\"valueName\":\"search_term_string\"}}],\"inLanguage\":\"en-US\"}]}<\/script>\n<!-- \/ Yoast SEO plugin. -->","yoast_head_json":{"title":"Contact us | Disfruta la mejor estad\u00eda | La campana hotel boutique","description":"Disfruta de la mejor estad\u00eda y las mejores comodidades que te ofrece la campana hotel boutique. Cont\u00e1ctanos para mayor informaci\u00f3n al (+57) 312 893 25 01","robots":{"index":"index","follow":"follow","max-snippet":"max-snippet:-1","max-image-preview":"max-image-preview:large","max-video-preview":"max-video-preview:-1"},"canonical":"https:\/\/lacampanahotelboutique.com\/en\/contact-us-2\/","og_locale":"en_US","og_type":"article","og_title":"Contact us | Disfruta la mejor estad\u00eda | La campana hotel boutique","og_description":"Disfruta de la mejor estad\u00eda y las mejores comodidades que te ofrece la campana hotel boutique. Cont\u00e1ctanos para mayor informaci\u00f3n al (+57) 312 893 25 01","og_url":"https:\/\/lacampanahotelboutique.com\/en\/contact-us-2\/","og_site_name":"La campana hotel boutique","article_modified_time":"2023-09-18T20:30:48+00:00","twitter_card":"summary_large_image","twitter_misc":{"Est. reading time":"1 minute"},"schema":{"@context":"https:\/\/schema.org","@graph":[{"@type":"WebPage","@id":"https:\/\/lacampanahotelboutique.com\/en\/contact-us-2\/","url":"https:\/\/lacampanahotelboutique.com\/en\/contact-us-2\/","name":"Contact us | Disfruta la mejor estad\u00eda | La campana hotel boutique","isPartOf":{"@id":"https:\/\/lacampanahotelboutique.com\/#website"},"datePublished":"2020-09-10T17:33:17+00:00","dateModified":"2023-09-18T20:30:48+00:00","description":"Disfruta de la mejor estad\u00eda y las mejores comodidades que te ofrece la campana hotel boutique. Cont\u00e1ctanos para mayor informaci\u00f3n al (+57) 312 893 25 01","breadcrumb":{"@id":"https:\/\/lacampanahotelboutique.com\/en\/contact-us-2\/#breadcrumb"},"inLanguage":"en-US","potentialAction":[{"@type":"ReadAction","target":["https:\/\/lacampanahotelboutique.com\/en\/contact-us-2\/"]}]},{"@type":"BreadcrumbList","@id":"https:\/\/lacampanahotelboutique.com\/en\/contact-us-2\/#breadcrumb","itemListElement":[{"@type":"ListItem","position":1,"name":"Portada","item":"https:\/\/lacampanahotelboutique.com\/"},{"@type":"ListItem","position":2,"name":"Contact us"}]},{"@type":"WebSite","@id":"https:\/\/lacampanahotelboutique.com\/#website","url":"https:\/\/lacampanahotelboutique.com\/","name":"La campana hotel boutique","description":"El lugar donde deseas estar y regresar","potentialAction":[{"@type":"SearchAction","target":{"@type":"EntryPoint","urlTemplate":"https:\/\/lacampanahotelboutique.com\/?s={search_term_string}"},"query-input":{"@type":"PropertyValueSpecification","valueRequired":true,"valueName":"search_term_string"}}],"inLanguage":"en-US"}]}},"_links":{"self":[{"href":"https:\/\/lacampanahotelboutique.com\/en\/wp-json\/wp\/v2\/pages\/1896","targetHints":{"allow":["GET"]}}],"collection":[{"href":"https:\/\/lacampanahotelboutique.com\/en\/wp-json\/wp\/v2\/pages"}],"about":[{"href":"https:\/\/lacampanahotelboutique.com\/en\/wp-json\/wp\/v2\/types\/page"}],"author":[{"embeddable":true,"href":"https:\/\/lacampanahotelboutique.com\/en\/wp-json\/wp\/v2\/users\/1"}],"replies":[{"embeddable":true,"href":"https:\/\/lacampanahotelboutique.com\/en\/wp-json\/wp\/v2\/comments?post=1896"}],"version-history":[{"count":10,"href":"https:\/\/lacampanahotelboutique.com\/en\/wp-json\/wp\/v2\/pages\/1896\/revisions"}],"predecessor-version":[{"id":2278,"href":"https:\/\/lacampanahotelboutique.com\/en\/wp-json\/wp\/v2\/pages\/1896\/revisions\/2278"}],"wp:attachment":[{"href":"https:\/\/lacampanahotelboutique.com\/en\/wp-json\/wp\/v2\/media?parent=1896"}],"curies":[{"name":"wp","href":"https:\/\/api.w.org\/{rel}","templated":true}]}}